{"id":17,"date":"2016-06-20T12:47:00","date_gmt":"2016-06-20T10:47:00","guid":{"rendered":"http:\/\/www.studioottaviani.eu\/?page_id=17"},"modified":"2018-12-13T15:03:10","modified_gmt":"2018-12-13T14:03:10","slug":"privacy-cookies","status":"publish","type":"page","link":"https:\/\/www.studioottaviani.eu\/?page_id=17","title":{"rendered":"Privacy \u2013 Cookies policy"},"content":{"rendered":"<p><strong>INFORMATIVA PRIVACY<\/strong><br \/>\nLa presente informativa \u00e8 resa ai sensi e in conformit\u00e0 del Regolamento 2016\/976 dell\u2019UE (Regolamento privacy-GDPR).<\/p>\n<p>Descrive le modalit\u00e0 di gestione dei dati personali degli utenti, che abbiano acconsentito l\u2019invio dei loro dati, attraverso la compilazione del modulo di contatto inserito sul sito <a href=\"http:\/\/www.studioottaviani.eu\">http:\/\/www.studioottaviani.eu<\/a> (di seguito indicato anche \u201cmodulo contatto\u201d).<\/p>\n<p>Titolare dei dati \u00e8 l\u2019avv.Nicola Ottaviani, Via Scrimiari, 11\/13 37129 VERONA (VR) Cod.fisc. TTVNCL76B03L781I.<\/p>\n<p>La raccolta dei Suoi dati personali, tramite il modulo contatto, viene effettuata sulla base di una espressa richiesta volontaria; La informiamo che tali dati verranno utilizzati dal Titolare con il solo fine di renderLa aggiornata per rispondere alle Sue richieste\/domande inviate tramite il modulo, nonch\u00e9 invitarLa ad eventuali incontri, tavole rotonde e\/o eventi, organizzati dal Titolare.<\/p>\n<p>Tali dati verranno trattati in conformit\u00e0 con l\u2019art. 6 GDPR e sulla base del Suo consenso ai sensi dell\u2019art. 6 lett. 1 a GDPR. I dati saranno memorizzati fino al compimento dei rispettivi interessi e cancellati entro 3 giorni dopo il raggiungimento degli scopi perseguiti con la registrazione. <\/p>\n<p><strong>Ricordiamo i seguenti Suoi diritti<\/strong>:<br \/>\n\u2022 Diritto di accesso (articolo 15 GDPR)<br \/>\nSu richiesta, forniremo informazioni sui dati personali trattati e le finalit\u00e0 dell\u2019elaborazione entro 30 giorni.<\/p>\n<p>\u2022 Diritto di rettifica (Art. 16 GDPR)<br \/>\nIn caso di dati errati o incompleti, potr\u00e0  richiedere una correzione.<\/p>\n<p>\u2022 Diritto alla cancellazione (Art. 17 GDPR)<br \/>\nSar\u00e0 nostro onere cancellare i dati qualora non siano pi\u00f9 necessari rispetto alle finalit\u00e0 per le quali sono stati raccolti o altrimenti trattati, ovvero in caso di revoca il consenso o se i dati sono stati elaborati in modo improprio.<\/p>\n<p>\u2022 Diritto alla limitazione del trattamento (articolo 18 GDPR)<br \/>\nPu\u00f2 essere richiesta la limitazione dell\u2019elaborazione dei dati qualora gli stessi dovessero essere utilizzati solo per scopi specifici.<\/p>\n<p>\u2022 Diritto alla portabilit\u00e0 dei dati (articolo 20 del GDPR)<br \/>\nPu\u00f2 fare richiesta per ricevere i dati elaborati in un formato strutturato, di uso comune e leggibile da una macchina\/computer e comunicarli ad altre persone responsabili.<\/p>\n<p>\u2022 Diritto di opposizione (Art. 21 GDPR)<br \/>\nI consensi possono essere revocati in qualsiasi momento e senza giustificazione. Pu\u00f2 farlo inviando un messaggio al nostro indirizzo e-mai nicola.ottaviani@studioottaviani.eu o inviando una lettera al nostro indirizzo postale in Via Scrimiari 11-13, I-37129 Verona (Italia). <\/p>\n<p>\u2022 Reclamo all\u2019Autorit\u00e0 per la protezione dei dati.<br \/>\nHa la possibilit\u00e0 di revocare il consenso in qualsiasi momento ai sensi dell\u2019Art. 7 comma 3 GDPR. Pu\u00f2 farlo inviando un messaggio al nostro indirizzo e-mail <a href=\"mailto:nicola.ottaviani@studioottaviani.eu\">nicola.ottaviani@studioottaviani.eu<\/a> o inviando una lettera al nostro indirizzo postale Via Scrimiari 11-13, I-37129 Verona (Italia).<br \/>\nInformazioni pi\u00f9 dettagliate su questi diritti sono disponibili nella versione italiana del GDPR al seguente link<\/p>\n<p><strong>COOKIE POLICY<\/strong><\/p>\n<p>La presente Cookie Policy ha lo scopo di illustrare i tipi e le categorie di cookie, le finalit\u00e0 e le modalit\u00e0 di utilizzo dei cookie da parte di Nicola Ottaviani, Via Scrimiari, 11\/13 37129 VERONA (VR) Cod.fisc. TTVNCL76B03L781I, titolare del trattamento, nonch\u00e9 di fornire indicazioni agli utenti circa le azioni per rifiutare o eliminare i cookie presenti sul sito (il \u201cSito\u201d): www.studioottaviani.eu.<\/p>\n<p>La presente Cookie Policy costituisce parte integrante dell\u2019Informativa privacy di cui al Sito di Studio Legale Ottaviani. L\u2019utente potr\u00e0 esercitare i diritti previsti dall\u2019art. 7 del d.lgs. 196\/03, scrivendo all\u2019indirizzo segreteria@studioottaviani.eu, mentre per modificare le impostazioni sui cookie potr\u00e0 procedere seguendo le indicazioni presenti in questa Cookie Policy.<\/p>\n<p>L\u2019utente pu\u00f2 esprimere il proprio consenso all\u2019utilizzo dei cookie cliccando sul tasto \u201cok\u201d dell\u2019informativa breve visibile ad ogni primo accesso sul Sito, come previsto dal provvedimento del Garante per la protezione dei dati personali (n. 229 dell\u20198 maggio 2014)<\/p>\n<p>Che cosa sono i cookie?<br \/>\nI cookie sono costituiti da porzioni di codice (file informatici o dati parziali) inviate da un server al browser Internet dell\u2019utente, da detto browser memorizzati automaticamente sul computer dell\u2019utente e rinviati automaticamente al server ad ogni occorrenza o successivo accesso al sito. Solitamente un cookie contiene il nome del sito internet dal quale il cookie stesso proviene, la durata vitale del cookie (ovvero per quanto tempo rimarr\u00e0 sul dispositivo dell\u2019utente) ed un valore, che di regola \u00e8 un numero unico generato in modo casuale. Ad ogni visita successiva i cookie sono rinviati al sito web che li ha originati (cookie di prime parti) o a un altro sito che li riconosce (cookie di terze parti). I cookie sono utili perch\u00e9 consentono a un sito web di riconoscere il dispositivo dell\u2019utente e hanno diverse finalit\u00e0 come, per esempio, consentire di navigare efficientemente tra le pagine, ricordare i siti preferiti e, in generale, migliorare l\u2019esperienza di navigazione. Contribuiscono anche a garantire che i contenuti pubblicitari visualizzati online siano pi\u00f9 mirati ad un utente e ai suoi interessi.<\/p>\n<p>Se l\u2019utente decide di disabilitare i cookie, ci\u00f2 potrebbe influenzare e\/o limitare la sua esperienza di navigazione all\u2019interno del Sito, per esempio potrebbe non essere in grado di visitare determinate sezioni di un Sito o potrebbe non ricevere informazioni personalizzate quando visita il Sito.<\/p>\n<p>Come funzionano e come si eliminano i cookie?<br \/>\nLe modalit\u00e0 di funzionamento nonch\u00e9 le opzioni per limitare o bloccare i cookie, possono essere regolate modificando le impostazioni del proprio browser internet. La maggioranza dei browser internet sono inizialmente impostati per accettare i cookie in modo automatico, l\u2019utente pu\u00f2 tuttavia modificare queste impostazioni per bloccare i cookie o per essere avvertito ogniqualvolta dei cookie vengano inviati al suo dispositivo. Esistono diversi modi per gestire i cookie, a tal fine occorre fare riferimento al manuale di istruzioni o alla schermata di aiuto del proprio browser per verificare come regolare o modificare le impostazioni dello stesso. L\u2019utente \u00e8 abilitato, infatti, a modificare la configurazione predefinita e disabilitare i cookie (cio\u00e8 bloccarli in via definitiva), impostando il livello di protezione pi\u00f9 elevato.<\/p>\n<p>Qui sotto il percorso da seguire per gestire i cookie dai seguenti browser:<\/p>\n<p>Explorer: http:\/\/windows.microsoft.com\/it-it\/windows7\/block-enable-or-allow-cookies<br \/>\nSafari: http:\/\/support.apple.com\/kb\/PH11913<br \/>\nChrome: https:\/\/support.google.com\/chrome\/answer\/95647?hl=it-IT&#038;hlrm=fr&#038;hlrm=en<br \/>\nFirefox: http:\/\/support.mozilla.org\/it-IT\/kb\/enable-and-disable-cookies-website-preferences<\/p>\n<p>Se l\u2019utente usa dispositivi diversi tra loro per visualizzare e accedere al Sito (per esempio, computer, smartphone, tablet, ecc.), deve assicurarsi che ciascun browser su ciascun dispositivo sia regolato per riflettere le proprie preferenze relative ai cookie. Per eliminare i cookie dal browser Internet del proprio smartphone\/tablet \u00e8 necessario fare riferimento al manuale d\u2019uso del dispositivo.<\/p>\n<p>Quali tipologie e categorie di cookie utilizza Studio Legale Ottaviani e per quali finalit\u00e0?<br \/>\nIl Sito utilizza diverse tipologie di cookie ognuna delle quali ha una specifica funzione. Studio Legale Ottaviani utilizza i cookie per rendere l\u2019uso del Sito pi\u00f9 semplice e per meglio adattare sia il Sito che i propri prodotti agli interessi e ai bisogni degli utenti. I cookie possono essere usati anche per velocizzare le future esperienze e le attivit\u00e0 degli utenti sul Sito. Inoltre, Studio Legale Ottaviani utilizza i cookie per compilare statistiche anonime aggregate che consentono di capire come gli utenti utilizzano il Sito e per migliorare la struttura e i contenuti del Sito stesso.<\/p>\n<p>Di seguito un elenco esplicativo.<br \/>\nCookie tecnici<br \/>\nI cookie \u201ctecnici\u201d sono essenziali per il corretto funzionamento del Sito e consentono agli utenti di navigare sul Sito e di sfruttarne le caratteristiche (ad esempio consentono la memorizzazione di azioni precedenti o permettono di salvare la sessione dell\u2019utente e\/o di svolgere altre attivit\u00e0 strettamente necessarie al funzionamento del Sito).<\/p>\n<p>A questa categoria appartengono anche i cookie \u201canalitici\u201d che aiutano Studio Legale Ottaviani a capire come gli utenti interagiscono con il Sito fornendo informazioni relative all\u2019ultima pagina visitata, il numero di sezioni e pagine visitate, al tempo trascorso sul Sito e ad ogni vicenda sia emersa nel corso della navigazione, come ad esempio un messaggio di errore, e aiutano a comprendere ogni difficolt\u00e0 che l\u2019utente incontra nell\u2019utilizzo del Sito. Queste informazioni potrebbero essere associate a dettagli dell\u2019utente quali indirizzo IP, dominio o browser; tuttavia, vengono analizzate insieme a informazioni di altri utenti in modo da non identificare un determinato utente rispetto all\u2019altro. Questi cookie vengono raccolti e aggregati in forma anonima e consentono a Studio Legale Ottaviani di migliorare la resa del Sito.<\/p>\n<p>Infine, i cookie di \u201cfunzionalit\u00e0\u201d permettono al Sito di ricordare le scelte dell\u2019utente (per esempio il nome utente) per fornire a quest\u2019ultimo una navigazione pi\u00f9 personalizzata ed ottimizzata. I cookie funzionali non sono indispensabili al funzionamento dei Siti, ma ne migliorano la qualit\u00e0 e l\u2019esperienza di navigazione. Se non si accettano questi cookie, la resa e la funzionalit\u00e0 del Sito potrebbero risultare inferiori e l\u2019accesso ai contenuti del Sito potrebbe risultare limitato.<\/p>\n<p>I cookie di \u201ccondivisione\u201d (o di social network) sono necessari per permettere all\u2019utente di interagire con il Sito attraverso il proprio account social e servono, ad esempio, per esprimere un apprezzamento e per condividerlo con i relativi contatti social.<\/p>\n<p>Il Sito di Studio Legale Ottaviani utilizza o pu\u00f2 utilizzare, anche in combinazione tra di loro, cookie:<br \/>\n\u2013 di \u201csessione\u201d che vengono memorizzati sul computer dell\u2019utente per mere esigenze tecnico-funzionali, per la trasmissione di identificativi di sessione necessari per consentire l\u2019esplorazione sicura ed efficiente del sito; essi si cancellano al termine della \u201csessione\u201d (da cui il nome) con la chiusura del browser;<br \/>\n\u2013 \u201cpersistenti\u201d che rimangono memorizzati sul disco rigido del computer fino alla loro scadenza o cancellazione da parte degli utenti. Tramite i cookie persistenti gli utenti che accedono ai siti (o eventuali altri utenti che impiegano il medesimo computer) vengono automaticamente riconosciuti a ogni visita.<\/p>\n<p>Cookie di terza parte<br \/>\nQuando un utente utilizza il Sito, \u00e8 possibile che vengano memorizzati alcuni cookie non controllati da Studio Legale Ottaviani. Questo accade, per esempio, se l\u2019utente visita una pagina che contiene contenuti di un sito web di terzi. Di conseguenza, l\u2019utente ricever\u00e0 cookie da questi servizi di terze parti. Sui cookie di terza parte Studio Legale Ottaviani non ha il controllo delle informazioni fornite dal cookie e non ha accesso a tali dati. Queste informazioni sono controllate totalmente dalle societ\u00e0 terze secondo quanto descritto nelle rispettive privacy policy.<\/p>\n<p>Il seguente elenco riporta i cookie di terza parte presenti sul Sito www.studioottaviani.eu. Questi ultimi ricadono sotto la diretta ed esclusiva responsabilit\u00e0 del gestore terzo e sono suddivisi nelle seguenti macro-categorie:<br \/>\nAnalitici: sono i cookie utilizzati per raccogliere e analizzare informazioni statistiche sugli accessi\/le visite al sito web. In alcuni casi, associati ad altre informazioni quali le credenziali inserite per l\u2019accesso ad aree riservate (il proprio indirizzo di posta elettronica e la password), possono essere utilizzate per profilare l\u2019utente (abitudini personali, siti visitati, contenuti scaricati, tipi di interazioni effettuate, ecc.).<br \/>\nWidgets. Rientrano in questa categoria tutti quei componenti grafici di una interfaccia utente di un programma, che ha lo scopo di facilitare l\u2019utente nell\u2019interazione con il programma stesso (a titolo esemplificativo sono widgets i cookie di Facebook, Google+, Twitter).<br \/>\nAdvertsing. Rientrano in questa categoria i cookie utilizzati per erogare servizi pubblicitari all\u2019interno di un sito. Se l\u2019utente non desidera ricevere cookie di terze parti sul proprio dispositivo potr\u00e0, attraverso i link di seguito riportati, accedere alle informative e ai moduli di consenso di dette terze parti ed escluderne il ricevimento.<\/p>\n<p>Questi cookie non vengono controllati direttamente dal Sito, pertanto, per revocare il consenso \u00e8 necessario fare riferimento ai siti internet delle terze parti oppure fare riferimento al sito www.youronlinechoices.com\/it\/ per ottenere informazioni su come poter eliminare o gestire i cookie in base al browser utilizzato e per gestire le preferenze sui cookie di profilazione di terza parte.<\/p>\n","protected":false},"excerpt":{"rendered":"INFORMATIVA PRIVACY La presente informativa \u00e8 resa ai sensi e in conformit\u00e0 del Regolamento 2016\/976 dell\u2019UE (Regolamento privacy-GDPR). Descrive le modalit\u00e0 di gestione dei dati personali degli utenti, che abbiano acconsentito l\u2019invio dei loro dati, attraverso la compilazione del modulo di contatto inserito sul sito http:\/\/www.studioottaviani.eu (di seguito indicato anche \u201cmodulo contatto\u201d). Titolare dei dati&#8230; <a class=\"view-article\" href=\"https:\/\/www.studioottaviani.eu\/?page_id=17\">Mostra articolo<\/a>","protected":false},"author":1,"featured_media":0,"parent":0,"menu_order":0,"comment_status":"closed","ping_status":"closed","template":"02_page.php","meta":{"footnotes":""},"class_list":["post-17","page","type-page","status-publish","hentry"],"yoast_head":"<!-- This site is optimized with the Yoast SEO plugin v25.8 - https:\/\/yoast.com\/wordpress\/plugins\/seo\/ -->\r\n<title>Privacy \u2013 Cookies policy - Studio Legale Ottaviani<\/title>\r\n<meta name=\"robots\" content=\"index, follow, max-snippet:-1, max-image-preview:large, max-video-preview:-1\" \/>\r\n<link rel=\"canonical\" href=\"https:\/\/www.studioottaviani.eu\/?page_id=17\" \/>\r\n<meta property=\"og:locale\" content=\"it_IT\" \/>\r\n<meta property=\"og:type\" content=\"article\" \/>\r\n<meta property=\"og:title\" content=\"Privacy \u2013 Cookies policy - Studio Legale Ottaviani\" \/>\r\n<meta property=\"og:description\" content=\"INFORMATIVA PRIVACY La presente informativa \u00e8 resa ai sensi e in conformit\u00e0 del Regolamento 2016\/976 dell\u2019UE (Regolamento privacy-GDPR). Descrive le modalit\u00e0 di gestione dei dati personali degli utenti, che abbiano acconsentito l\u2019invio dei loro dati, attraverso la compilazione del modulo di contatto inserito sul sito http:\/\/www.studioottaviani.eu (di seguito indicato anche \u201cmodulo contatto\u201d). Titolare dei dati... Mostra articolo\" \/>\r\n<meta property=\"og:url\" content=\"https:\/\/www.studioottaviani.eu\/?page_id=17\" \/>\r\n<meta property=\"og:site_name\" content=\"Studio Legale Ottaviani\" \/>\r\n<meta property=\"article:modified_time\" content=\"2018-12-13T14:03:10+00:00\" \/>\r\n<meta name=\"twitter:card\" content=\"summary_large_image\" \/>\r\n<meta name=\"twitter:label1\" content=\"Tempo di lettura stimato\" \/>\n\t<meta name=\"twitter:data1\" content=\"10 minuti\" \/>\r\n<script type=\"application\/ld+json\" class=\"yoast-schema-graph\">{\"@context\":\"https:\/\/schema.org\",\"@graph\":[{\"@type\":\"WebPage\",\"@id\":\"https:\/\/www.studioottaviani.eu\/?page_id=17\",\"url\":\"https:\/\/www.studioottaviani.eu\/?page_id=17\",\"name\":\"Privacy \u2013 Cookies policy - Studio Legale Ottaviani\",\"isPartOf\":{\"@id\":\"https:\/\/www.studioottaviani.eu\/#website\"},\"datePublished\":\"2016-06-20T10:47:00+00:00\",\"dateModified\":\"2018-12-13T14:03:10+00:00\",\"breadcrumb\":{\"@id\":\"https:\/\/www.studioottaviani.eu\/?page_id=17#breadcrumb\"},\"inLanguage\":\"it-IT\",\"potentialAction\":[{\"@type\":\"ReadAction\",\"target\":[\"https:\/\/www.studioottaviani.eu\/?page_id=17\"]}]},{\"@type\":\"BreadcrumbList\",\"@id\":\"https:\/\/www.studioottaviani.eu\/?page_id=17#breadcrumb\",\"itemListElement\":[{\"@type\":\"ListItem\",\"position\":1,\"name\":\"Home\",\"item\":\"https:\/\/www.studioottaviani.eu\/\"},{\"@type\":\"ListItem\",\"position\":2,\"name\":\"Privacy \u2013 Cookies policy\"}]},{\"@type\":\"WebSite\",\"@id\":\"https:\/\/www.studioottaviani.eu\/#website\",\"url\":\"https:\/\/www.studioottaviani.eu\/\",\"name\":\"Studio Legale Ottaviani\",\"description\":\"\",\"potentialAction\":[{\"@type\":\"SearchAction\",\"target\":{\"@type\":\"EntryPoint\",\"urlTemplate\":\"https:\/\/www.studioottaviani.eu\/?s={search_term_string}\"},\"query-input\":{\"@type\":\"PropertyValueSpecification\",\"valueRequired\":true,\"valueName\":\"search_term_string\"}}],\"inLanguage\":\"it-IT\"}]}<\/script>\r\n<!-- \/ Yoast SEO plugin. -->","yoast_head_json":{"title":"Privacy \u2013 Cookies policy - Studio Legale Ottaviani","robots":{"index":"index","follow":"follow","max-snippet":"max-snippet:-1","max-image-preview":"max-image-preview:large","max-video-preview":"max-video-preview:-1"},"canonical":"https:\/\/www.studioottaviani.eu\/?page_id=17","og_locale":"it_IT","og_type":"article","og_title":"Privacy \u2013 Cookies policy - Studio Legale Ottaviani","og_description":"INFORMATIVA PRIVACY La presente informativa \u00e8 resa ai sensi e in conformit\u00e0 del Regolamento 2016\/976 dell\u2019UE (Regolamento privacy-GDPR). Descrive le modalit\u00e0 di gestione dei dati personali degli utenti, che abbiano acconsentito l\u2019invio dei loro dati, attraverso la compilazione del modulo di contatto inserito sul sito http:\/\/www.studioottaviani.eu (di seguito indicato anche \u201cmodulo contatto\u201d). Titolare dei dati... Mostra articolo","og_url":"https:\/\/www.studioottaviani.eu\/?page_id=17","og_site_name":"Studio Legale Ottaviani","article_modified_time":"2018-12-13T14:03:10+00:00","twitter_card":"summary_large_image","twitter_misc":{"Tempo di lettura stimato":"10 minuti"},"schema":{"@context":"https:\/\/schema.org","@graph":[{"@type":"WebPage","@id":"https:\/\/www.studioottaviani.eu\/?page_id=17","url":"https:\/\/www.studioottaviani.eu\/?page_id=17","name":"Privacy \u2013 Cookies policy - Studio Legale Ottaviani","isPartOf":{"@id":"https:\/\/www.studioottaviani.eu\/#website"},"datePublished":"2016-06-20T10:47:00+00:00","dateModified":"2018-12-13T14:03:10+00:00","breadcrumb":{"@id":"https:\/\/www.studioottaviani.eu\/?page_id=17#breadcrumb"},"inLanguage":"it-IT","potentialAction":[{"@type":"ReadAction","target":["https:\/\/www.studioottaviani.eu\/?page_id=17"]}]},{"@type":"BreadcrumbList","@id":"https:\/\/www.studioottaviani.eu\/?page_id=17#breadcrumb","itemListElement":[{"@type":"ListItem","position":1,"name":"Home","item":"https:\/\/www.studioottaviani.eu\/"},{"@type":"ListItem","position":2,"name":"Privacy \u2013 Cookies policy"}]},{"@type":"WebSite","@id":"https:\/\/www.studioottaviani.eu\/#website","url":"https:\/\/www.studioottaviani.eu\/","name":"Studio Legale Ottaviani","description":"","potentialAction":[{"@type":"SearchAction","target":{"@type":"EntryPoint","urlTemplate":"https:\/\/www.studioottaviani.eu\/?s={search_term_string}"},"query-input":{"@type":"PropertyValueSpecification","valueRequired":true,"valueName":"search_term_string"}}],"inLanguage":"it-IT"}]}},"_links":{"self":[{"href":"https:\/\/www.studioottaviani.eu\/index.php?rest_route=\/wp\/v2\/pages\/17","targetHints":{"allow":["GET"]}}],"collection":[{"href":"https:\/\/www.studioottaviani.eu\/index.php?rest_route=\/wp\/v2\/pages"}],"about":[{"href":"https:\/\/www.studioottaviani.eu\/index.php?rest_route=\/wp\/v2\/types\/page"}],"author":[{"embeddable":true,"href":"https:\/\/www.studioottaviani.eu\/index.php?rest_route=\/wp\/v2\/users\/1"}],"replies":[{"embeddable":true,"href":"https:\/\/www.studioottaviani.eu\/index.php?rest_route=%2Fwp%2Fv2%2Fcomments&post=17"}],"version-history":[{"count":5,"href":"https:\/\/www.studioottaviani.eu\/index.php?rest_route=\/wp\/v2\/pages\/17\/revisions"}],"predecessor-version":[{"id":55,"href":"https:\/\/www.studioottaviani.eu\/index.php?rest_route=\/wp\/v2\/pages\/17\/revisions\/55"}],"wp:attachment":[{"href":"https:\/\/www.studioottaviani.eu\/index.php?rest_route=%2Fwp%2Fv2%2Fmedia&parent=17"}],"curies":[{"name":"wp","href":"https:\/\/api.w.org\/{rel}","templated":true}]}}