{"id":29,"date":"2018-12-03T16:21:49","date_gmt":"2018-12-03T15:21:49","guid":{"rendered":"http:\/\/www.studioottaviani.eu\/?page_id=29"},"modified":"2018-12-13T15:17:56","modified_gmt":"2018-12-13T14:17:56","slug":"studio-legale-ottaviani","status":"publish","type":"page","link":"https:\/\/www.studioottaviani.eu\/?page_id=29&lang=de","title":{"rendered":"DAS RECHTSANWALTSB\u00dcRO OTTAVIANI"},"content":{"rendered":"<p>Das Rechtsanwaltsb\u00fcro Ottaviani wurde 1973 von Franco Ottaviani gegr\u00fcndet und befindet sich im Herzen von Verona, im historischen Stadtviertel Veronetta. Unter der Leitung seines Sohnes Nicola Ottaviani steht die Kanzlei heute nicht nur im Dienste der \u00fcber Jahrzehnte gewachsenen Mandantschaft, sondern entwickelt sich in neue Richtungen weiter, indem sie sich immer breiter gef\u00e4cherten und internationaleren Fachgebieten \u00f6ffnet.<br \/>\nDas Rechtsanwaltsb\u00fcro hat sich im Laufe der Jahre strukturell gewandelt und vergr\u00f6\u00dfert. Heute ist ein Team von qualifizierten, auf unterschiedlichste Fachgebiete spezialisierten Anw\u00e4lten in der Lage, den Mandanten stets ma\u00dfgeschneiderte L\u00f6sung anzubieten. Zivil- und Strafrechtsangelegenheiten werden in-house direkt von den Anw\u00e4lten des B\u00fcros bearbeitet. Um den Mandanten einen umfassenden \u00dcberblick \u00fcber die m\u00f6glichen L\u00f6sungen f\u00fcr ihre speziellen Anforderungen zu geben, arbeitet das Rechtsanwaltsb\u00fcro Ottaviani auch mit anderen, beispielsweise im Verwaltungs- und Steuerrecht spezialisierten, Rechtsanwaltsb\u00fcros sowie mit Steuerberatern zusammen.<br \/>\nDie Rechtsanw\u00e4lte der Kanzlei Ottaviani haben die Herausforderungen eines im st\u00e4ndigen Wandel befindlichen Marktes und einer sich ver\u00e4ndernden Gesellschaft erkannt und angenommen. Dabei verlieren sie jedoch nicht die im Laufe der Jahrzehnte in den traditionellen Rechtsgebieten erworbenen Kenntnisse aus den Augen und halten insbesondere die Grundprinzipien hoch, die den Anwaltsberuf von jeher gepr\u00e4gt haben und ihn auch in Zukunft pr\u00e4gen werden.<br \/>\nInsbesondere vor dem Hintergrund der internationalen \u00d6ffnung legen alle Rechtsanw\u00e4lte der Kanzlei Ottaviani gro\u00dfen Wert auf zwischenmenschliche Kommunikation sowie auf das Verst\u00e4ndnis juristischer, sozialer und kultureller Unterschiede.<\/p>\n","protected":false},"excerpt":{"rendered":"Das Rechtsanwaltsb\u00fcro Ottaviani wurde 1973 von Franco Ottaviani gegr\u00fcndet und befindet sich im Herzen von Verona, im historischen Stadtviertel Veronetta. Unter der Leitung seines Sohnes Nicola Ottaviani steht die Kanzlei heute nicht nur im Dienste der \u00fcber Jahrzehnte gewachsenen Mandantschaft, sondern entwickelt sich in neue Richtungen weiter, indem sie sich immer breiter gef\u00e4cherten und internationaleren&#8230; <a class=\"view-article\" href=\"https:\/\/www.studioottaviani.eu\/?page_id=29&#038;lang=de\">Mostra articolo<\/a>","protected":false},"author":1,"featured_media":0,"parent":0,"menu_order":0,"comment_status":"closed","ping_status":"open","template":"01_homepage.php","meta":{"footnotes":""},"class_list":["post-29","page","type-page","status-publish","hentry"],"yoast_head":"<!-- This site is optimized with the Yoast SEO plugin v25.8 - https:\/\/yoast.com\/wordpress\/plugins\/seo\/ -->\r\n<title>DAS RECHTSANWALTSB\u00dcRO OTTAVIANI - Studio Legale Ottaviani<\/title>\r\n<meta name=\"robots\" content=\"index, follow, max-snippet:-1, max-image-preview:large, max-video-preview:-1\" \/>\r\n<link rel=\"canonical\" href=\"https:\/\/www.studioottaviani.eu\/?page_id=29&lang=de\" \/>\r\n<meta property=\"og:locale\" content=\"it_IT\" \/>\r\n<meta property=\"og:type\" content=\"article\" \/>\r\n<meta property=\"og:title\" content=\"DAS RECHTSANWALTSB\u00dcRO OTTAVIANI - Studio Legale Ottaviani\" \/>\r\n<meta property=\"og:description\" content=\"Das Rechtsanwaltsb\u00fcro Ottaviani wurde 1973 von Franco Ottaviani gegr\u00fcndet und befindet sich im Herzen von Verona, im historischen Stadtviertel Veronetta. Unter der Leitung seines Sohnes Nicola Ottaviani steht die Kanzlei heute nicht nur im Dienste der \u00fcber Jahrzehnte gewachsenen Mandantschaft, sondern entwickelt sich in neue Richtungen weiter, indem sie sich immer breiter gef\u00e4cherten und internationaleren... Mostra articolo\" \/>\r\n<meta property=\"og:url\" content=\"https:\/\/www.studioottaviani.eu\/?page_id=29&amp;lang=de\" \/>\r\n<meta property=\"og:site_name\" content=\"Studio Legale Ottaviani\" \/>\r\n<meta property=\"article:modified_time\" content=\"2018-12-13T14:17:56+00:00\" \/>\r\n<meta name=\"twitter:card\" content=\"summary_large_image\" \/>\r\n<meta name=\"twitter:label1\" content=\"Tempo di lettura stimato\" \/>\n\t<meta name=\"twitter:data1\" content=\"1 minuto\" \/>\r\n<script type=\"application\/ld+json\" class=\"yoast-schema-graph\">{\"@context\":\"https:\/\/schema.org\",\"@graph\":[{\"@type\":\"WebPage\",\"@id\":\"https:\/\/www.studioottaviani.eu\/?page_id=29&lang=de\",\"url\":\"https:\/\/www.studioottaviani.eu\/?page_id=29&lang=de\",\"name\":\"DAS RECHTSANWALTSB\u00dcRO OTTAVIANI - Studio Legale Ottaviani\",\"isPartOf\":{\"@id\":\"https:\/\/www.studioottaviani.eu\/#website\"},\"datePublished\":\"2018-12-03T15:21:49+00:00\",\"dateModified\":\"2018-12-13T14:17:56+00:00\",\"breadcrumb\":{\"@id\":\"https:\/\/www.studioottaviani.eu\/?page_id=29&lang=de#breadcrumb\"},\"inLanguage\":\"it-IT\",\"potentialAction\":[{\"@type\":\"ReadAction\",\"target\":[\"https:\/\/www.studioottaviani.eu\/?page_id=29&lang=de\"]}]},{\"@type\":\"BreadcrumbList\",\"@id\":\"https:\/\/www.studioottaviani.eu\/?page_id=29&lang=de#breadcrumb\",\"itemListElement\":[{\"@type\":\"ListItem\",\"position\":1,\"name\":\"Home\",\"item\":\"https:\/\/www.studioottaviani.eu\/\"},{\"@type\":\"ListItem\",\"position\":2,\"name\":\"DAS RECHTSANWALTSB\u00dcRO OTTAVIANI\"}]},{\"@type\":\"WebSite\",\"@id\":\"https:\/\/www.studioottaviani.eu\/#website\",\"url\":\"https:\/\/www.studioottaviani.eu\/\",\"name\":\"Studio Legale Ottaviani\",\"description\":\"\",\"potentialAction\":[{\"@type\":\"SearchAction\",\"target\":{\"@type\":\"EntryPoint\",\"urlTemplate\":\"https:\/\/www.studioottaviani.eu\/?s={search_term_string}\"},\"query-input\":{\"@type\":\"PropertyValueSpecification\",\"valueRequired\":true,\"valueName\":\"search_term_string\"}}],\"inLanguage\":\"it-IT\"}]}<\/script>\r\n<!-- \/ Yoast SEO plugin. -->","yoast_head_json":{"title":"DAS RECHTSANWALTSB\u00dcRO OTTAVIANI - Studio Legale Ottaviani","robots":{"index":"index","follow":"follow","max-snippet":"max-snippet:-1","max-image-preview":"max-image-preview:large","max-video-preview":"max-video-preview:-1"},"canonical":"https:\/\/www.studioottaviani.eu\/?page_id=29&lang=de","og_locale":"it_IT","og_type":"article","og_title":"DAS RECHTSANWALTSB\u00dcRO OTTAVIANI - Studio Legale Ottaviani","og_description":"Das Rechtsanwaltsb\u00fcro Ottaviani wurde 1973 von Franco Ottaviani gegr\u00fcndet und befindet sich im Herzen von Verona, im historischen Stadtviertel Veronetta. Unter der Leitung seines Sohnes Nicola Ottaviani steht die Kanzlei heute nicht nur im Dienste der \u00fcber Jahrzehnte gewachsenen Mandantschaft, sondern entwickelt sich in neue Richtungen weiter, indem sie sich immer breiter gef\u00e4cherten und internationaleren... Mostra articolo","og_url":"https:\/\/www.studioottaviani.eu\/?page_id=29&lang=de","og_site_name":"Studio Legale Ottaviani","article_modified_time":"2018-12-13T14:17:56+00:00","twitter_card":"summary_large_image","twitter_misc":{"Tempo di lettura stimato":"1 minuto"},"schema":{"@context":"https:\/\/schema.org","@graph":[{"@type":"WebPage","@id":"https:\/\/www.studioottaviani.eu\/?page_id=29&lang=de","url":"https:\/\/www.studioottaviani.eu\/?page_id=29&lang=de","name":"DAS RECHTSANWALTSB\u00dcRO OTTAVIANI - Studio Legale Ottaviani","isPartOf":{"@id":"https:\/\/www.studioottaviani.eu\/#website"},"datePublished":"2018-12-03T15:21:49+00:00","dateModified":"2018-12-13T14:17:56+00:00","breadcrumb":{"@id":"https:\/\/www.studioottaviani.eu\/?page_id=29&lang=de#breadcrumb"},"inLanguage":"it-IT","potentialAction":[{"@type":"ReadAction","target":["https:\/\/www.studioottaviani.eu\/?page_id=29&lang=de"]}]},{"@type":"BreadcrumbList","@id":"https:\/\/www.studioottaviani.eu\/?page_id=29&lang=de#breadcrumb","itemListElement":[{"@type":"ListItem","position":1,"name":"Home","item":"https:\/\/www.studioottaviani.eu\/"},{"@type":"ListItem","position":2,"name":"DAS RECHTSANWALTSB\u00dcRO OTTAVIANI"}]},{"@type":"WebSite","@id":"https:\/\/www.studioottaviani.eu\/#website","url":"https:\/\/www.studioottaviani.eu\/","name":"Studio Legale Ottaviani","description":"","potentialAction":[{"@type":"SearchAction","target":{"@type":"EntryPoint","urlTemplate":"https:\/\/www.studioottaviani.eu\/?s={search_term_string}"},"query-input":{"@type":"PropertyValueSpecification","valueRequired":true,"valueName":"search_term_string"}}],"inLanguage":"it-IT"}]}},"_links":{"self":[{"href":"https:\/\/www.studioottaviani.eu\/index.php?rest_route=\/wp\/v2\/pages\/29","targetHints":{"allow":["GET"]}}],"collection":[{"href":"https:\/\/www.studioottaviani.eu\/index.php?rest_route=\/wp\/v2\/pages"}],"about":[{"href":"https:\/\/www.studioottaviani.eu\/index.php?rest_route=\/wp\/v2\/types\/page"}],"author":[{"embeddable":true,"href":"https:\/\/www.studioottaviani.eu\/index.php?rest_route=\/wp\/v2\/users\/1"}],"replies":[{"embeddable":true,"href":"https:\/\/www.studioottaviani.eu\/index.php?rest_route=%2Fwp%2Fv2%2Fcomments&post=29"}],"version-history":[{"count":2,"href":"https:\/\/www.studioottaviani.eu\/index.php?rest_route=\/wp\/v2\/pages\/29\/revisions"}],"predecessor-version":[{"id":56,"href":"https:\/\/www.studioottaviani.eu\/index.php?rest_route=\/wp\/v2\/pages\/29\/revisions\/56"}],"wp:attachment":[{"href":"https:\/\/www.studioottaviani.eu\/index.php?rest_route=%2Fwp%2Fv2%2Fmedia&parent=29"}],"curies":[{"name":"wp","href":"https:\/\/api.w.org\/{rel}","templated":true}]}}