{"id":31,"date":"2018-12-03T16:22:07","date_gmt":"2018-12-03T15:22:07","guid":{"rendered":"http:\/\/www.studioottaviani.eu\/?page_id=31"},"modified":"2018-12-13T12:17:23","modified_gmt":"2018-12-13T11:17:23","slug":"studio-legale-ottaviani","status":"publish","type":"page","link":"https:\/\/www.studioottaviani.eu\/?page_id=31&lang=fr","title":{"rendered":"CABINET JURIDIQUE OTTAVIANI"},"content":{"rendered":"<p>Le Cabinet Juridique Ottaviani se trouve depuis 1973 au c\u0153ur de V\u00e9rone cans le vieux quartier de Veronetta. Fond\u00e9 par Me Franco Ottaviani, le Cabinet, en plus de suivre les clients acquis au cours des ann\u00e9es s\u2019est d\u00e9velopp\u00e9 dans une nouvelle direction sur l\u2019initiative de Me Nicola Ottaviani en se tournant vers des secteurs de plus en plus vastes et internationaux.<br \/>\nLe Cabinet s\u2019est progressivement agrandi de mani\u00e8re \u00e0 mettre \u00e0 la disposition de la client\u00e8le une s\u00e9rie de comp\u00e9tences humaines et juridiques qui permettent de trouver la solution la mieux adapt\u00e9e \u00e0 chaque cas. Le Cabinet Ottaviani, en dehors de la gestion directe et interne d\u2019affaires dans le domaine civil et p\u00e9nal, collabore \u00e9galement avec d\u2019autres cabinets, de droit administratif et fiscal et d\u2019experts comptables, pour parvenir \u00e0 garantir au client une vision compl\u00e8te des r\u00e9ponses possibles \u00e0 ses attentes.<br \/>\nLe Cabinet Ottaviani est form\u00e9 d&#8217;un ensemble de professionnels qui ont su relever les nouveaux d\u00e9fis propos\u00e9s par un march\u00e9 et une soci\u00e9t\u00e9 en perp\u00e9tuelle \u00e9volution. Tout cela sans oublier les comp\u00e9tences acquises avec le temps dans les secteurs plus traditionnels et surtout, sans jamais perdre de vue les principes qui ont inspir\u00e9 et doivent inspirer la profession d\u2019avocat.<br \/>\nTous les membres du Cabinet Ottaviani ont une aptitude marqu\u00e9e pour le rapport interpersonnel et, vu la tendance \u00e0 l\u2019ouverture internationale, \u00e9galement pour la compr\u00e9hension des diff\u00e9rences juridiques, sociales et culturelles en jeu.<\/p>\n","protected":false},"excerpt":{"rendered":"Le Cabinet Juridique Ottaviani se trouve depuis 1973 au c\u0153ur de V\u00e9rone cans le vieux quartier de Veronetta. Fond\u00e9 par Me Franco Ottaviani, le Cabinet, en plus de suivre les clients acquis au cours des ann\u00e9es s\u2019est d\u00e9velopp\u00e9 dans une nouvelle direction sur l\u2019initiative de Me Nicola Ottaviani en se tournant vers des secteurs de&#8230; <a class=\"view-article\" href=\"https:\/\/www.studioottaviani.eu\/?page_id=31&#038;lang=fr\">Mostra articolo<\/a>","protected":false},"author":1,"featured_media":0,"parent":0,"menu_order":0,"comment_status":"closed","ping_status":"open","template":"01_homepage.php","meta":{"footnotes":""},"class_list":["post-31","page","type-page","status-publish","hentry"],"yoast_head":"<!-- This site is optimized with the Yoast SEO plugin v25.8 - https:\/\/yoast.com\/wordpress\/plugins\/seo\/ -->\r\n<title>CABINET JURIDIQUE OTTAVIANI - Studio Legale Ottaviani<\/title>\r\n<meta name=\"robots\" content=\"index, follow, max-snippet:-1, max-image-preview:large, max-video-preview:-1\" \/>\r\n<link rel=\"canonical\" href=\"https:\/\/www.studioottaviani.eu\/?page_id=31&lang=fr\" \/>\r\n<meta property=\"og:locale\" content=\"it_IT\" \/>\r\n<meta property=\"og:type\" content=\"article\" \/>\r\n<meta property=\"og:title\" content=\"CABINET JURIDIQUE OTTAVIANI - Studio Legale Ottaviani\" \/>\r\n<meta property=\"og:description\" content=\"Le Cabinet Juridique Ottaviani se trouve depuis 1973 au c\u0153ur de V\u00e9rone cans le vieux quartier de Veronetta. Fond\u00e9 par Me Franco Ottaviani, le Cabinet, en plus de suivre les clients acquis au cours des ann\u00e9es s\u2019est d\u00e9velopp\u00e9 dans une nouvelle direction sur l\u2019initiative de Me Nicola Ottaviani en se tournant vers des secteurs de... Mostra articolo\" \/>\r\n<meta property=\"og:url\" content=\"https:\/\/www.studioottaviani.eu\/?page_id=31&amp;lang=fr\" \/>\r\n<meta property=\"og:site_name\" content=\"Studio Legale Ottaviani\" \/>\r\n<meta property=\"article:modified_time\" content=\"2018-12-13T11:17:23+00:00\" \/>\r\n<meta name=\"twitter:card\" content=\"summary_large_image\" \/>\r\n<meta name=\"twitter:label1\" content=\"Tempo di lettura stimato\" \/>\n\t<meta name=\"twitter:data1\" content=\"1 minuto\" \/>\r\n<script type=\"application\/ld+json\" class=\"yoast-schema-graph\">{\"@context\":\"https:\/\/schema.org\",\"@graph\":[{\"@type\":\"WebPage\",\"@id\":\"https:\/\/www.studioottaviani.eu\/?page_id=31&lang=fr\",\"url\":\"https:\/\/www.studioottaviani.eu\/?page_id=31&lang=fr\",\"name\":\"CABINET JURIDIQUE OTTAVIANI - Studio Legale Ottaviani\",\"isPartOf\":{\"@id\":\"https:\/\/www.studioottaviani.eu\/#website\"},\"datePublished\":\"2018-12-03T15:22:07+00:00\",\"dateModified\":\"2018-12-13T11:17:23+00:00\",\"breadcrumb\":{\"@id\":\"https:\/\/www.studioottaviani.eu\/?page_id=31&lang=fr#breadcrumb\"},\"inLanguage\":\"it-IT\",\"potentialAction\":[{\"@type\":\"ReadAction\",\"target\":[\"https:\/\/www.studioottaviani.eu\/?page_id=31&lang=fr\"]}]},{\"@type\":\"BreadcrumbList\",\"@id\":\"https:\/\/www.studioottaviani.eu\/?page_id=31&lang=fr#breadcrumb\",\"itemListElement\":[{\"@type\":\"ListItem\",\"position\":1,\"name\":\"Home\",\"item\":\"https:\/\/www.studioottaviani.eu\/\"},{\"@type\":\"ListItem\",\"position\":2,\"name\":\"CABINET JURIDIQUE OTTAVIANI\"}]},{\"@type\":\"WebSite\",\"@id\":\"https:\/\/www.studioottaviani.eu\/#website\",\"url\":\"https:\/\/www.studioottaviani.eu\/\",\"name\":\"Studio Legale Ottaviani\",\"description\":\"\",\"potentialAction\":[{\"@type\":\"SearchAction\",\"target\":{\"@type\":\"EntryPoint\",\"urlTemplate\":\"https:\/\/www.studioottaviani.eu\/?s={search_term_string}\"},\"query-input\":{\"@type\":\"PropertyValueSpecification\",\"valueRequired\":true,\"valueName\":\"search_term_string\"}}],\"inLanguage\":\"it-IT\"}]}<\/script>\r\n<!-- \/ Yoast SEO plugin. -->","yoast_head_json":{"title":"CABINET JURIDIQUE OTTAVIANI - Studio Legale Ottaviani","robots":{"index":"index","follow":"follow","max-snippet":"max-snippet:-1","max-image-preview":"max-image-preview:large","max-video-preview":"max-video-preview:-1"},"canonical":"https:\/\/www.studioottaviani.eu\/?page_id=31&lang=fr","og_locale":"it_IT","og_type":"article","og_title":"CABINET JURIDIQUE OTTAVIANI - Studio Legale Ottaviani","og_description":"Le Cabinet Juridique Ottaviani se trouve depuis 1973 au c\u0153ur de V\u00e9rone cans le vieux quartier de Veronetta. Fond\u00e9 par Me Franco Ottaviani, le Cabinet, en plus de suivre les clients acquis au cours des ann\u00e9es s\u2019est d\u00e9velopp\u00e9 dans une nouvelle direction sur l\u2019initiative de Me Nicola Ottaviani en se tournant vers des secteurs de... Mostra articolo","og_url":"https:\/\/www.studioottaviani.eu\/?page_id=31&lang=fr","og_site_name":"Studio Legale Ottaviani","article_modified_time":"2018-12-13T11:17:23+00:00","twitter_card":"summary_large_image","twitter_misc":{"Tempo di lettura stimato":"1 minuto"},"schema":{"@context":"https:\/\/schema.org","@graph":[{"@type":"WebPage","@id":"https:\/\/www.studioottaviani.eu\/?page_id=31&lang=fr","url":"https:\/\/www.studioottaviani.eu\/?page_id=31&lang=fr","name":"CABINET JURIDIQUE OTTAVIANI - Studio Legale Ottaviani","isPartOf":{"@id":"https:\/\/www.studioottaviani.eu\/#website"},"datePublished":"2018-12-03T15:22:07+00:00","dateModified":"2018-12-13T11:17:23+00:00","breadcrumb":{"@id":"https:\/\/www.studioottaviani.eu\/?page_id=31&lang=fr#breadcrumb"},"inLanguage":"it-IT","potentialAction":[{"@type":"ReadAction","target":["https:\/\/www.studioottaviani.eu\/?page_id=31&lang=fr"]}]},{"@type":"BreadcrumbList","@id":"https:\/\/www.studioottaviani.eu\/?page_id=31&lang=fr#breadcrumb","itemListElement":[{"@type":"ListItem","position":1,"name":"Home","item":"https:\/\/www.studioottaviani.eu\/"},{"@type":"ListItem","position":2,"name":"CABINET JURIDIQUE OTTAVIANI"}]},{"@type":"WebSite","@id":"https:\/\/www.studioottaviani.eu\/#website","url":"https:\/\/www.studioottaviani.eu\/","name":"Studio Legale Ottaviani","description":"","potentialAction":[{"@type":"SearchAction","target":{"@type":"EntryPoint","urlTemplate":"https:\/\/www.studioottaviani.eu\/?s={search_term_string}"},"query-input":{"@type":"PropertyValueSpecification","valueRequired":true,"valueName":"search_term_string"}}],"inLanguage":"it-IT"}]}},"_links":{"self":[{"href":"https:\/\/www.studioottaviani.eu\/index.php?rest_route=\/wp\/v2\/pages\/31","targetHints":{"allow":["GET"]}}],"collection":[{"href":"https:\/\/www.studioottaviani.eu\/index.php?rest_route=\/wp\/v2\/pages"}],"about":[{"href":"https:\/\/www.studioottaviani.eu\/index.php?rest_route=\/wp\/v2\/types\/page"}],"author":[{"embeddable":true,"href":"https:\/\/www.studioottaviani.eu\/index.php?rest_route=\/wp\/v2\/users\/1"}],"replies":[{"embeddable":true,"href":"https:\/\/www.studioottaviani.eu\/index.php?rest_route=%2Fwp%2Fv2%2Fcomments&post=31"}],"version-history":[{"count":2,"href":"https:\/\/www.studioottaviani.eu\/index.php?rest_route=\/wp\/v2\/pages\/31\/revisions"}],"predecessor-version":[{"id":36,"href":"https:\/\/www.studioottaviani.eu\/index.php?rest_route=\/wp\/v2\/pages\/31\/revisions\/36"}],"wp:attachment":[{"href":"https:\/\/www.studioottaviani.eu\/index.php?rest_route=%2Fwp%2Fv2%2Fmedia&parent=31"}],"curies":[{"name":"wp","href":"https:\/\/api.w.org\/{rel}","templated":true}]}}